{"id":118,"date":"2013-06-03T12:25:02","date_gmt":"2013-06-03T12:25:02","guid":{"rendered":"http:\/\/www.soledadurtubey.com.ar\/?page_id=118"},"modified":"2015-04-04T14:43:23","modified_gmt":"2015-04-04T17:43:23","slug":"experiencia-docente-y-ensayos-investigacion","status":"publish","type":"page","link":"http:\/\/www.soledadurtubey.com.ar\/?page_id=118","title":{"rendered":"Experiencia Docente y Ensayos Investigacion"},"content":{"rendered":"<p><strong>Experiencia Docente<\/strong><\/p>\n<p>\u2022\u00a0Capacitaci\u00f3n\u00a0Asistentes en Eventos (XXI ediciones gratuitas de 20 horas cada una)<\/p>\n<p>\u2022\u00a0Capacitaci\u00f3n anual interna a la Empresa Sol del Norte Eventos, en conjunto con un coaching empresarial.<br \/>\n\u2022 Escuela Panamericana de Altos Estudios en Hoteler\u00eda (Salta). Titular de la C\u00e1tedra de \u201cRelaciones P\u00fablicas, Ceremonial y Eventos\u201d.<br \/>\n\u2022 C\u00e1mara de Turismo de la Provincia de Salta. Coordinadora de Formaci\u00f3n de la Comisi\u00f3n Joven de la C\u00e1mara de Turismo de la Provincia de Salta.<\/p>\n<p>\u2022 Escuela Panamericana de Altos Estudios en Hoteler\u00eda (Salta). Titular del equipo de Formaci\u00f3n de los dos \u201cCursos Introductorios a la Organizaci\u00f3n Integral de Eventos\u201d.<br \/>\nPremios \u2022 Menci\u00f3n otorgada por la Secretaria de la Gobernaci\u00f3n de Turismo de la Provincia de Salta, por su contribuci\u00f3n a la promoci\u00f3n y desarrollo del turismo en la provincia. (2002).<\/p>\n<p><strong><br \/>\nEnsayos de Investigaci\u00f3n<\/strong><\/p>\n<p>\u2022 Revista Esperanza y Compromiso (2011 a la actualidad, Directora Editorial)<\/p>\n<p>\u2022 Revista Eventos Sede Salta (2009 a la actualidad, Directora Editorial)<\/p>\n<p>\u2022 Recursos Humanos y su reestructuraci\u00f3n en la estructura gubernamental: Innovaci\u00f3n de Diagn\u00f3sticos coyunturales con sus proyecciones estructurales (2005).<\/p>\n<p>\u2022 Croquis y desarrollo de herramientas claves de la estructura organizaci\u00f3n: capacitaci\u00f3n continua, motivaci\u00f3n individualizada, compromiso en equipo (2003).<\/p>\n<p>\u2022 Compromiso de Equipo: interrelaci\u00f3n e interdependencia de los actores de una organizaci\u00f3n (2000).<\/p>\n<p>\u2022 Estrategias de la Mejora Continua (Dinamismo e innovaci\u00f3n) en la cultura organizacional (1995).<\/p>\n<p>\u2022 Estructura comunicacional de una Organizaci\u00f3n (1992).<\/p>\n<p>\u2022 Recupero del concepto vocacional del funcionario p\u00fablico a trav\u00e9s de formaci\u00f3n de nuevos l\u00edderes (1989).<\/p>\n","protected":false},"excerpt":{"rendered":"<p>Experiencia Docente \u2022\u00a0Capacitaci\u00f3n\u00a0Asistentes en Eventos (XXI ediciones gratuitas de 20 horas cada una) \u2022\u00a0Capacitaci\u00f3n anual interna a la Empresa Sol del Norte Eventos, en conjunto con un coaching empresarial. \u2022 Escuela Panamericana de Altos Estudios en Hoteler\u00eda (Salta). Titular de la C\u00e1tedra de \u201cRelaciones P\u00fablicas, Ceremonial y Eventos\u201d. \u2022 C\u00e1mara de Turismo de la Provincia [&hellip;]<\/p>\n","protected":false},"author":2,"featured_media":0,"parent":0,"menu_order":0,"comment_status":"closed","ping_status":"closed","template":"","meta":{"footnotes":""},"_links":{"self":[{"href":"http:\/\/www.soledadurtubey.com.ar\/index.php?rest_route=\/wp\/v2\/pages\/118"}],"collection":[{"href":"http:\/\/www.soledadurtubey.com.ar\/index.php?rest_route=\/wp\/v2\/pages"}],"about":[{"href":"http:\/\/www.soledadurtubey.com.ar\/index.php?rest_route=\/wp\/v2\/types\/page"}],"author":[{"embeddable":true,"href":"http:\/\/www.soledadurtubey.com.ar\/index.php?rest_route=\/wp\/v2\/users\/2"}],"replies":[{"embeddable":true,"href":"http:\/\/www.soledadurtubey.com.ar\/index.php?rest_route=%2Fwp%2Fv2%2Fcomments&post=118"}],"version-history":[{"count":3,"href":"http:\/\/www.soledadurtubey.com.ar\/index.php?rest_route=\/wp\/v2\/pages\/118\/revisions"}],"predecessor-version":[{"id":596,"href":"http:\/\/www.soledadurtubey.com.ar\/index.php?rest_route=\/wp\/v2\/pages\/118\/revisions\/596"}],"wp:attachment":[{"href":"http:\/\/www.soledadurtubey.com.ar\/index.php?rest_route=%2Fwp%2Fv2%2Fmedia&parent=118"}],"curies":[{"name":"wp","href":"https:\/\/api.w.org\/{rel}","templated":true}]}}